{"id":99,"date":"2013-09-05T21:40:44","date_gmt":"2013-09-05T21:40:44","guid":{"rendered":"http:\/\/www.zuzanabenuskova.sk\/?page_id=99"},"modified":"2024-01-31T21:17:58","modified_gmt":"2024-01-31T21:17:58","slug":"dejiny-etnologie","status":"publish","type":"page","link":"https:\/\/www.zuzanabenuskova.sk\/?page_id=99","title":{"rendered":"KEGA a VEGA projekty"},"content":{"rendered":"<h2><span style=\"color: #999900; font-size: medium;\">Projekt KEGA<\/span><\/h2>\n<p>\u010c\u00edslo grantu:\u00a0 090UK-4\/2011<br \/>\nN\u00e1zov grantu: <strong>Vybran\u00e9 kapitoly z dej\u00edn etnol\u00f3gie na Slovensku (osobnosti, in\u0161tit\u00facie)<\/strong><br \/>\nZodpovedn\u00fd rie\u0161ite\u013e: Doc. PhDr. Zuzana Be\u0148u\u0161kov\u00e1, CSc. (do roku 2011 PhDr. Katar\u00edna N\u00e1dask\u00e1, PhD.)<br \/>\nSpolurie\u0161itelia:\u00a0Mgr. Margita J\u00e1gerov\u00e1, PhD. (UKF),\u00a0 Mgr. \u013dubo\u0161 Ka\u010d\u00edrek, PhD. , PhDr. Zita \u0160kovierov\u00e1, CSc., Mgr. Michal Nemec (v\u0161etci KEKA FiF UK Bratislava),<br \/>\nDoba rie\u0161enia: 2011 &#8211; 2013<\/p>\n<p>V\u00fdskumno-eduka\u010dn\u00fd projekt je zameran\u00fd na dotvorenie \u010do najkomplexnej\u0161ieho preh\u013eadu v\u00fdvoja slovenskej etnol\u00f3gie, jej gen\u00e9zy.\u00a0 Osobitn\u00fd akcent bude dan\u00fd na popredn\u00e9 osobnosti vednej discipl\u00edny a zhodnotenie ich celo\u017eivotn\u00e9ho vedeck\u00e9ho diela.\u00a0 Pl\u00e1novan\u00e9\u00a0 v\u00fdstupy\u00a0 z\u00a0 projektu\u00a0 s\u00fa\u00a0 okrem\u00a0 digit\u00e1lnej\u00a0 formy\u00a0 vysoko\u0161kolskej doplnkovej u\u010debnice\u00a0 aj\u00a0 v podobe kolekcie kr\u00e1tkych filmov\u00fdch dokumentov o najv\u00fdraznej\u0161\u00edch osobnostiach etnol\u00f3gie. \u010eal\u0161\u00edm v\u00fdstupom bude dotvorenie oporn\u00fdch bodov virtu\u00e1lnej encyklop\u00e9die dej\u00edn etnol\u00f3gie na Slovensku. S\u00fa\u010das\u0165ou bude aj spracovanie celo\u017eivotn\u00fdch bibliografi\u00ed vybran\u00fdch vedeck\u00fdch osobnost\u00ed. Viacer\u00e9 s\u00fa\u010dasti tohto projektu s\u00fa u\u017e \u010diasto\u010dne rozpracovan\u00e9, cie\u013eom je s\u00fastredi\u0165 ich do komplexn\u00e9ho celku. Hlavn\u00fdm vedecko-eduka\u010dn\u00fdm cie\u013eom je vytvorenie multimedi\u00e1lnej datab\u00e1zy pre vytv\u00e1ranie e-learningov\u00fdch kurzov dej\u00edn etnol\u00f3gie.<\/p>\n<div>\n<p><strong>V\u00ddSLEDKY<\/strong><\/p>\n<\/div>\n<p><strong>Textov\u00e1 \u010das\u0165\u00a0\u00a0\u00a0<\/strong><em>\u00a0<\/em><\/p>\n<p><strong><a href=\"http:\/\/www.ketnoffukf.sk\/uploads\/9\/2\/9\/7\/9297804\/dejiny_slovenskej_etnolgie.pdf\">Dejiny slovenskej etnol\u00f3gie v 20. storo\u010d\u00ed<\/a><br \/>\n<\/strong><\/p>\n<p>Be\u0148u\u0161kov\u00e1, Z.: Bibliografia \u010dasopisu Etnologick\u00e9 rozpravy za roky 1996-2011.\u00a0 Etnologick\u00e9 rozpravy 19, 2012, \u010d. 1-2, s.\u00a0 255-295.<\/p>\n<p><a href=\"http:\/\/www.zuzanabenuskova.sk\/wp-content\/uploads\/2013\/08\/ER-2012.pdf\">http:\/\/www.zuzanabenuskova.sk\/wp-content\/uploads\/2013\/08\/ER-2012.pdf<\/a><\/p>\n<p>Ka\u010d\u00edrek, \u013d.: \u017divotn\u00e9 jubileum \u0160tefana Mru\u0161kovi\u010da. Muzeol\u00f3gia a kult\u00farne dedi\u010dstvo 2013, \u010d. 1, s. 120-124.<\/p>\n<p><strong>Texty k filmov\u00fdm dokumentom Osobnosti slovenskej etnol\u00f3gie<\/strong><\/p>\n<p>Be\u0148u\u0161kov\u00e1, Zuzana: PhDr. Ester Plickov\u00e1, CSc. Osobnos\u0165 a dielo : textov\u00e1 pr\u00edloha k filmov\u00e9mu dokumentu Osobnosti slovenskej etnol\u00f3gie \u2013 Ester Plickov\u00e1. \u2013 Nitra : UKF, 2011. \u2013 64 s. \u2013 ISBN 978-80-8094-960-0.<\/p>\n<p><a href=\"http:\/\/www.zuzanabenuskova.sk\/wp-content\/uploads\/2013\/09\/Plickov\u00e1-final-zmensene.pdf\">PhDr. Ester Plickov\u00e1, CSc. <\/a><\/p>\n<p>Be\u0148u\u0161kov\u00e1, Zuzana: PhDr. So\u0148a \u0160vecov\u00e1, CSc. Osobnos\u0165 a dielo : textov\u00e1 pr\u00edloha k filmov\u00e9mu dokumentu Osobnosti slovenskej etnol\u00f3gie \u2013 So\u0148a \u0160vecov\u00e1. \u2013 Nitra : UKF, 2011. \u2013 76 s. \u2013 ISBN 978-80-8094-961-7.<\/p>\n<p><a href=\"http:\/\/www.zuzanabenuskova.sk\/wp-content\/uploads\/2013\/09\/Svecova-kompletizacia-zmensene.pdf\">PhDr. So\u0148a \u0160vecov\u00e1, CSc. <\/a><\/p>\n<p>Bez filmov\u00e9ho dokumentu:<\/p>\n<p>Putz, Richard: PhDr. Ema Kahounov\u00e1-Dr\u00e1bikov\u00e1, \u017eivot a dielo<\/p>\n<p><a href=\"http:\/\/stella.uniba.sk\/texty\/RP_Drabikova.pdf\">PhDr. Ema Dr\u00e1bikov\u00e1, CSc.<\/a><\/p>\n<p><em><strong>Filmov\u00e9 dokumenty: pozri <a href=\"https:\/\/www.youtube.com\/@osobnostislovenskejetnolog8447\">Osobnosti slovenskej etnol\u00f3gie<\/a><br \/>\n<\/strong><\/em><\/p>\n<p>&nbsp;<\/p>\n","protected":false},"excerpt":{"rendered":"<p>Projekt KEGA \u010c\u00edslo grantu:\u00a0 090UK-4\/2011 N\u00e1zov grantu: Vybran\u00e9 kapitoly z dej\u00edn etnol\u00f3gie na Slovensku (osobnosti, in\u0161tit\u00facie) Zodpovedn\u00fd rie\u0161ite\u013e: Doc. PhDr. Zuzana Be\u0148u\u0161kov\u00e1, CSc. (do roku 2011 PhDr. Katar\u00edna N\u00e1dask\u00e1, PhD.) Spolurie\u0161itelia:\u00a0Mgr. Margita J\u00e1gerov\u00e1, PhD. (UKF),\u00a0 Mgr. \u013dubo\u0161 Ka\u010d\u00edrek, PhD. , PhDr. Zita \u0160kovierov\u00e1, CSc., Mgr. Michal Nemec (v\u0161etci KEKA FiF UK Bratislava), Doba rie\u0161enia: 2011 [&hellip;]<\/p>\n","protected":false},"author":1,"featured_media":0,"parent":77,"menu_order":0,"comment_status":"closed","ping_status":"closed","template":"","meta":{"footnotes":""},"class_list":["post-99","page","type-page","status-publish","hentry"],"_links":{"self":[{"href":"https:\/\/www.zuzanabenuskova.sk\/index.php?rest_route=\/wp\/v2\/pages\/99","targetHints":{"allow":["GET"]}}],"collection":[{"href":"https:\/\/www.zuzanabenuskova.sk\/index.php?rest_route=\/wp\/v2\/pages"}],"about":[{"href":"https:\/\/www.zuzanabenuskova.sk\/index.php?rest_route=\/wp\/v2\/types\/page"}],"author":[{"embeddable":true,"href":"https:\/\/www.zuzanabenuskova.sk\/index.php?rest_route=\/wp\/v2\/users\/1"}],"replies":[{"embeddable":true,"href":"https:\/\/www.zuzanabenuskova.sk\/index.php?rest_route=%2Fwp%2Fv2%2Fcomments&post=99"}],"version-history":[{"count":53,"href":"https:\/\/www.zuzanabenuskova.sk\/index.php?rest_route=\/wp\/v2\/pages\/99\/revisions"}],"predecessor-version":[{"id":778,"href":"https:\/\/www.zuzanabenuskova.sk\/index.php?rest_route=\/wp\/v2\/pages\/99\/revisions\/778"}],"up":[{"embeddable":true,"href":"https:\/\/www.zuzanabenuskova.sk\/index.php?rest_route=\/wp\/v2\/pages\/77"}],"wp:attachment":[{"href":"https:\/\/www.zuzanabenuskova.sk\/index.php?rest_route=%2Fwp%2Fv2%2Fmedia&parent=99"}],"curies":[{"name":"wp","href":"https:\/\/api.w.org\/{rel}","templated":true}]}}