{"id":35,"date":"2013-08-22T20:59:52","date_gmt":"2013-08-22T20:59:52","guid":{"rendered":"http:\/\/www.zuzanabenuskova.sk\/?page_id=35"},"modified":"2024-01-12T21:59:37","modified_gmt":"2024-01-12T21:59:37","slug":"bibliografia","status":"publish","type":"page","link":"https:\/\/www.zuzanabenuskova.sk\/?page_id=35","title":{"rendered":"Filmov\u00e9 dokumenty"},"content":{"rendered":"<p><a href=\"http:\/\/youtu.be\/WUK_cgfOQJk\">Dobre n\u00e1m je v Petr\u017ealke b\u00fdva\u0165?<\/a><\/p>\n<p><a href=\"https:\/\/youtu.be\/33gAzz9FTL0\">Bo\u017eie telo v Csomori<\/a><\/p>\n<p><a href=\"http:\/\/youtu.be\/0b5ijFybzkA\">Trhovisko<\/a><\/p>\n<p><a href=\"http:\/\/youtu.be\/YdC-NjNN_mc\">Osobnosti slovenskej etnol\u00f3gie 1 . &#8211; J\u00e1n Mich\u00e1lek<\/a><\/p>\n<p><a href=\"http:\/\/youtu.be\/Ut2mbsSYFYo\">Osobnosti slovenskej etnol\u00f3gie 2\u00a0 &#8211; \u013dubica Droppov\u00e1<\/a><\/p>\n<p><a href=\"http:\/\/youtu.be\/HHl7F5wphus\">Osobnosti slovenskej etnol\u00f3gie 3\u00a0 &#8211; Viera <\/a><a href=\"http:\/\/youtu.be\/HHl7F5wphus\">Ga\u0161par\u00edkov\u00e1<\/a><\/p>\n<p><a href=\"http:\/\/youtu.be\/75_sATSeXk4\">Osobnosti slovenskej etnol\u00f3gie 4\u00a0 &#8211; So\u0148a \u0160vecov\u00e1<\/a><\/p>\n<p><a href=\"http:\/\/youtu.be\/BxPx14US_3g\">Osobnosti slovenskej etnol\u00f3gie 5\u00a0 &#8211; So\u0148a Kova\u010de<\/a><a href=\"http:\/\/youtu.be\/BxPx14US_3g\">vi\u010dov\u00e1<\/a><\/p>\n<p><a href=\"http:\/\/youtu.be\/rvzL7BfT84U\">Osobnosti slovenskej etnol\u00f3gie 6\u00a0 &#8211; Kliment Ondrejka<\/a><\/p>\n<p><a href=\"http:\/\/youtu.be\/qZjOxWdxXC8\">Osobnosti slovenskej etnol\u00f3gie 7 &#8211; Milan Le\u0161\u010d\u00e1k<\/a><\/p>\n<p><a href=\"http:\/\/youtu.be\/pLUU7CPqtwU\">Osobnosti slovenskej etnol\u00f3gie 8 &#8211; Ester Plickov\u00e1<\/a><\/p>\n<p><a href=\"http:\/\/youtu.be\/sdxX9JMuglI\">Osobnosti slovenskej etnol\u00f3gie 9 &#8211; Osk\u00e1r Elschek<\/a><\/p>\n<p><a href=\"https:\/\/youtu.be\/9xtxxb51u9A\" target=\"_blank\" rel=\"noopener\">Osobnosti slovenskej etnol\u00f3gie 10 &#8211; J\u00e1n Podol\u00e1k\u00a0 <\/a><\/p>\n<p><a href=\"https:\/\/youtu.be\/vtK-rHKkUGk\" target=\"_blank\" rel=\"noopener\">Osobnosti slovenskej etnol\u00f3gie 11 &#8211; Milada Kubov\u00e1\u00a0 <\/a><\/p>\n<p><a href=\"https:\/\/youtu.be\/ZmKfM0pzXYE\" target=\"_blank\" rel=\"noopener\">Osobnosti slovenskej etnol\u00f3gie 12 &#8211; \u0160tefan Mru\u0161kovi\u010d <\/a><\/p>\n<p><a href=\"https:\/\/youtu.be\/8dWxvp7dNxw\">Osobnosti slovenskej etnol\u00f3gie\u00a0 13 &#8211; Mojm\u00edr Ben\u017ea<\/a><\/p>\n<p><a title=\"Osobnosti slovenskej etnol\u00f3gie 14 - igor Kri\u0161tek\" href=\"https:\/\/youtu.be\/jkS5g_iVhsA\">Osobnosti slovenskej etnol\u00f3gie 14 &#8211; Igor Kri\u0161tek <\/a><\/p>\n<p><a title=\"Osobnosti slovenskej etnol\u00f3gie 15 - Katar\u00edna Holbov\u00e1\" href=\"https:\/\/www.youtube.com\/watch?v=QNqLFH16IHE&amp;t=540s\"> Osobnosti slovenskej etnol\u00f3gie 15 &#8211; Katar\u00edna Holbov\u00e1 <\/a><\/p>\n<p><a title=\"Osobnosti slovenskej etnol\u00f3gie 16 - Iveta Zuskinov\u00e1\" href=\"https:\/\/www.youtube.com\/watch?v=mjn7Y-NnybM&amp;t=247s\"> Osobnosti slovenskej etnol\u00f3gie 16 &#8211; Iveta Zuskinov\u00e1<\/a><\/p>\n<p><a href=\"https:\/\/www.youtube.com\/watch?v=y0pJ0fY9OdU&amp;list=PLJOsOX_1KVo3QE9B2E_zzirTj2WH50rH1&amp;index=8\">Osobnosti slovenskej etnol\u00f3gie 17 &#8211; Juraj Langer<\/a><\/p>\n<p><a href=\"https:\/\/www.youtube.com\/watch?v=LCjZ0uqhPDY&amp;list=PLJOsOX_1KVo3QE9B2E_zzirTj2WH50rH1&amp;index=7\">Osobnosti slovenskej etnol\u00f3gie 18\u00a0 &#8211; Mikul\u00e1\u0161 Mu\u0161inka<\/a><\/p>\n<p><a href=\"https:\/\/www.youtube.com\/watch?v=LcvrpkVX-6I&amp;list=PLJOsOX_1KVo3QE9B2E_zzirTj2WH50rH1&amp;index=6\">Osobnosti slovenskej etnol\u00f3gie\u00a0 19 &#8211; J\u00e1n Olejn\u00edk<\/a><\/p>\n<p><a href=\"https:\/\/www.youtube.com\/watch?v=hB1VnF_vZUk&amp;list=PLJOsOX_1KVo3QE9B2E_zzirTj2WH50rH1&amp;index=5\">Osobnosti slovenskej etnol\u00f3gie 20 &#8211; Margita M\u00e9ryov\u00e1<\/a><\/p>\n<p><a href=\"https:\/\/www.youtube.com\/watch?v=h2754Zk3rNc&amp;list=PLJOsOX_1KVo3QE9B2E_zzirTj2WH50rH1&amp;index=4\">Osobnosti slovenskej etnol\u00f3gie 21 &#8211; M\u00e1ria Zaj\u00ed\u010dkov\u00e1<\/a><\/p>\n<p><a href=\"https:\/\/www.youtube.com\/watch?v=jjEiLi_vu4c&amp;list=PLJOsOX_1KVo3QE9B2E_zzirTj2WH50rH1&amp;index=3\">Osobnosti slovenskej etnol\u00f3gie 22 &#8211; Miroslav Sopoliga<\/a><\/p>\n<p><a href=\"https:\/\/www.youtube.com\/watch?v=2rp0yWste_w&amp;list=PLJOsOX_1KVo3QE9B2E_zzirTj2WH50rH1&amp;index=2\">Osobnosti slovenskej etnol\u00f3gie\u00a0 23 &#8211; Monika Pavel\u010d\u00edkov\u00e1<\/a><\/p>\n<p>&nbsp;<\/p>\n<p>&nbsp;<\/p>\n<p>&nbsp;<\/p>\n","protected":false},"excerpt":{"rendered":"<p>Dobre n\u00e1m je v Petr\u017ealke b\u00fdva\u0165? Bo\u017eie telo v Csomori Trhovisko Osobnosti slovenskej etnol\u00f3gie 1 . &#8211; J\u00e1n Mich\u00e1lek Osobnosti slovenskej etnol\u00f3gie 2\u00a0 &#8211; \u013dubica Droppov\u00e1 Osobnosti slovenskej etnol\u00f3gie 3\u00a0 &#8211; Viera Ga\u0161par\u00edkov\u00e1 Osobnosti slovenskej etnol\u00f3gie 4\u00a0 &#8211; So\u0148a \u0160vecov\u00e1 Osobnosti slovenskej etnol\u00f3gie 5\u00a0 &#8211; So\u0148a Kova\u010devi\u010dov\u00e1 Osobnosti slovenskej etnol\u00f3gie 6\u00a0 &#8211; Kliment Ondrejka Osobnosti [&hellip;]<\/p>\n","protected":false},"author":1,"featured_media":0,"parent":31,"menu_order":0,"comment_status":"closed","ping_status":"closed","template":"","meta":{"footnotes":""},"class_list":["post-35","page","type-page","status-publish","hentry"],"_links":{"self":[{"href":"https:\/\/www.zuzanabenuskova.sk\/index.php?rest_route=\/wp\/v2\/pages\/35","targetHints":{"allow":["GET"]}}],"collection":[{"href":"https:\/\/www.zuzanabenuskova.sk\/index.php?rest_route=\/wp\/v2\/pages"}],"about":[{"href":"https:\/\/www.zuzanabenuskova.sk\/index.php?rest_route=\/wp\/v2\/types\/page"}],"author":[{"embeddable":true,"href":"https:\/\/www.zuzanabenuskova.sk\/index.php?rest_route=\/wp\/v2\/users\/1"}],"replies":[{"embeddable":true,"href":"https:\/\/www.zuzanabenuskova.sk\/index.php?rest_route=%2Fwp%2Fv2%2Fcomments&post=35"}],"version-history":[{"count":55,"href":"https:\/\/www.zuzanabenuskova.sk\/index.php?rest_route=\/wp\/v2\/pages\/35\/revisions"}],"predecessor-version":[{"id":773,"href":"https:\/\/www.zuzanabenuskova.sk\/index.php?rest_route=\/wp\/v2\/pages\/35\/revisions\/773"}],"up":[{"embeddable":true,"href":"https:\/\/www.zuzanabenuskova.sk\/index.php?rest_route=\/wp\/v2\/pages\/31"}],"wp:attachment":[{"href":"https:\/\/www.zuzanabenuskova.sk\/index.php?rest_route=%2Fwp%2Fv2%2Fmedia&parent=35"}],"curies":[{"name":"wp","href":"https:\/\/api.w.org\/{rel}","templated":true}]}}